{"id":1023,"date":"2025-02-03T10:35:32","date_gmt":"2025-02-03T10:35:32","guid":{"rendered":"https:\/\/valyhusson.com\/?post_type=product&#038;p=1023"},"modified":"2025-12-16T16:09:20","modified_gmt":"2025-12-16T15:09:20","slug":"abstrait-atmospherique-n3","status":"publish","type":"product","link":"https:\/\/valyhusson.com\/en\/product\/abstrait-atmospherique-n3\/","title":{"rendered":"Abstrait atmosph\u00e9rique n\u00b03"},"content":{"rendered":"","protected":false},"excerpt":{"rendered":"<p>peinture \u00e0 l&rsquo;huile sur ch\u00e2ssis toile lin format 46 x 61 cm &#8211; s\u00e9rie \u00ab\u00a0Abstraction atmosph\u00e9rique \u00a0\u00bb de 2024.<\/p>\n<p>Cr\u00e9ation de diff\u00e9rents plans g\u00e9om\u00e9triques ou de formes libres dans lesquels les principes oppos\u00e9s se confrontent et s&rsquo;\u00e9quilibrent. Perdre le regard et se promener dans les diff\u00e9rents plans et horizons.<\/p>","protected":false},"featured_media":1246,"comment_status":"closed","ping_status":"closed","template":"","meta":{"_et_pb_use_builder":"","_et_pb_old_content":"","_et_gb_content_width":""},"product_brand":[],"product_cat":[27],"product_tag":[],"class_list":{"0":"post-1023","1":"product","2":"type-product","3":"status-publish","4":"has-post-thumbnail","6":"product_cat-ph-mf","8":"first","9":"instock","10":"purchasable","11":"product-type-simple"},"jetpack_sharing_enabled":true,"_links":{"self":[{"href":"https:\/\/valyhusson.com\/en\/wp-json\/wp\/v2\/product\/1023","targetHints":{"allow":["GET"]}}],"collection":[{"href":"https:\/\/valyhusson.com\/en\/wp-json\/wp\/v2\/product"}],"about":[{"href":"https:\/\/valyhusson.com\/en\/wp-json\/wp\/v2\/types\/product"}],"replies":[{"embeddable":true,"href":"https:\/\/valyhusson.com\/en\/wp-json\/wp\/v2\/comments?post=1023"}],"wp:featuredmedia":[{"embeddable":true,"href":"https:\/\/valyhusson.com\/en\/wp-json\/wp\/v2\/media\/1246"}],"wp:attachment":[{"href":"https:\/\/valyhusson.com\/en\/wp-json\/wp\/v2\/media?parent=1023"}],"wp:term":[{"taxonomy":"product_brand","embeddable":true,"href":"https:\/\/valyhusson.com\/en\/wp-json\/wp\/v2\/product_brand?post=1023"},{"taxonomy":"product_cat","embeddable":true,"href":"https:\/\/valyhusson.com\/en\/wp-json\/wp\/v2\/product_cat?post=1023"},{"taxonomy":"product_tag","embeddable":true,"href":"https:\/\/valyhusson.com\/en\/wp-json\/wp\/v2\/product_tag?post=1023"}],"curies":[{"name":"wp","href":"https:\/\/api.w.org\/{rel}","templated":true}]}}