{"id":1033,"date":"2025-02-03T11:06:48","date_gmt":"2025-02-03T11:06:48","guid":{"rendered":"https:\/\/valyhusson.com\/?post_type=product&#038;p=1033"},"modified":"2025-12-16T11:14:45","modified_gmt":"2025-12-16T10:14:45","slug":"nu-2019-dessin","status":"publish","type":"product","link":"https:\/\/valyhusson.com\/en\/product\/nu-2019-dessin\/","title":{"rendered":"Nu 2019 dessin &#8211; reproduction sur alu dibong"},"content":{"rendered":"","protected":false},"excerpt":{"rendered":"<p>Reproduction d&rsquo;un tableau sur alu dibong en s\u00e9rie limit\u00e9e et num\u00e9rot\u00e9e , sign\u00e9e par l&rsquo;artiste<\/p>\n<p>format selon demande : dans l&rsquo;id\u00e9al : 60 x 40 cm<\/p>","protected":false},"featured_media":1028,"comment_status":"closed","ping_status":"closed","template":"","meta":{"_et_pb_use_builder":"","_et_pb_old_content":"","_et_gb_content_width":""},"product_brand":[],"product_cat":[21],"product_tag":[],"class_list":{"0":"post-1033","1":"product","2":"type-product","3":"status-publish","4":"has-post-thumbnail","6":"product_cat-repro","8":"first","9":"onbackorder","10":"purchasable","11":"product-type-simple"},"jetpack_sharing_enabled":true,"_links":{"self":[{"href":"https:\/\/valyhusson.com\/en\/wp-json\/wp\/v2\/product\/1033","targetHints":{"allow":["GET"]}}],"collection":[{"href":"https:\/\/valyhusson.com\/en\/wp-json\/wp\/v2\/product"}],"about":[{"href":"https:\/\/valyhusson.com\/en\/wp-json\/wp\/v2\/types\/product"}],"replies":[{"embeddable":true,"href":"https:\/\/valyhusson.com\/en\/wp-json\/wp\/v2\/comments?post=1033"}],"wp:featuredmedia":[{"embeddable":true,"href":"https:\/\/valyhusson.com\/en\/wp-json\/wp\/v2\/media\/1028"}],"wp:attachment":[{"href":"https:\/\/valyhusson.com\/en\/wp-json\/wp\/v2\/media?parent=1033"}],"wp:term":[{"taxonomy":"product_brand","embeddable":true,"href":"https:\/\/valyhusson.com\/en\/wp-json\/wp\/v2\/product_brand?post=1033"},{"taxonomy":"product_cat","embeddable":true,"href":"https:\/\/valyhusson.com\/en\/wp-json\/wp\/v2\/product_cat?post=1033"},{"taxonomy":"product_tag","embeddable":true,"href":"https:\/\/valyhusson.com\/en\/wp-json\/wp\/v2\/product_tag?post=1033"}],"curies":[{"name":"wp","href":"https:\/\/api.w.org\/{rel}","templated":true}]}}